{"id":2157,"date":"2022-08-18T16:55:30","date_gmt":"2022-08-18T13:55:30","guid":{"rendered":"https:\/\/www.egefin.com\/?page_id=2157"},"modified":"2022-09-01T12:52:36","modified_gmt":"2022-09-01T09:52:36","slug":"teklif-al","status":"publish","type":"page","link":"https:\/\/www.egefin.com\/en\/teklif-al\/","title":{"rendered":"Get Offer"},"content":{"rendered":"<style type=\"text\/css\" data-created_by=\"avia_inline_auto\" id=\"style-css-av-mvqfx-0ee3a13917437912057aafbae61ba604\">\n.avia-section.av-mvqfx-0ee3a13917437912057aafbae61ba604{\nbackground-repeat:no-repeat;\nbackground-image:url(https:\/\/www.egefin.com\/wp-content\/uploads\/2022\/08\/head.jpg);\nbackground-position:50% 100%;\nbackground-attachment:scroll;\n}\n<\/style>\n<div id='av_section_1'  class='avia-section av-mvqfx-0ee3a13917437912057aafbae61ba604 main_color avia-section-default avia-no-border-styling  avia-builder-el-0  el_before_av_one_full  avia-builder-el-first  avia-full-stretch avia-bg-style-scroll av-minimum-height av-minimum-height-35  container_wrap fullsize'  data-section-bg-repeat='stretch' data-av_minimum_height_pc='35'><div class='container av-section-cont-open' ><main  role=\"main\" itemprop=\"mainContentOfPage\"  class='template-page content  av-content-full alpha units'><div class='post-entry post-entry-type-page post-entry-2157'><div class='entry-content-wrapper clearfix'>\n<div class='flex_column av-3nlwxp-cc259888f1c935d0316c7eb19a197b9f av_two_fifth  avia-builder-el-1  avia-builder-el-no-sibling  first flex_column_div'     ><style type=\"text\/css\" data-created_by=\"avia_inline_auto\" id=\"style-css-av-l6z5souf-ab4775584316283016f5cf93cff43523\">\n#top .av-special-heading.av-l6z5souf-ab4775584316283016f5cf93cff43523{\npadding-bottom:10px;\ncolor:#ffffff;\n}\nbody .av-special-heading.av-l6z5souf-ab4775584316283016f5cf93cff43523 .av-special-heading-tag .heading-char{\nfont-size:25px;\n}\n.av-special-heading.av-l6z5souf-ab4775584316283016f5cf93cff43523 .special-heading-inner-border{\nborder-color:#ffffff;\n}\n.av-special-heading.av-l6z5souf-ab4775584316283016f5cf93cff43523 .av-subheading{\nfont-size:15px;\n}\n<\/style>\n<div  class='av-special-heading av-l6z5souf-ab4775584316283016f5cf93cff43523 av-special-heading-h1 custom-color-heading blockquote modern-quote modern-centered  avia-builder-el-2  avia-builder-el-no-sibling'><h1 class='av-special-heading-tag'  itemprop=\"headline\"  >TEKL\u0130F AL<\/h1><div class=\"special-heading-border\"><div class=\"special-heading-inner-border\"><\/div><\/div><\/div><\/div>\n<\/div><\/div><\/main><!-- close content main element --><\/div><\/div><div id='after_section_1'  class='main_color av_default_container_wrap container_wrap fullsize'  ><div class='container av-section-cont-open' ><div class='template-page content  av-content-full alpha units'><div class='post-entry post-entry-type-page post-entry-2157'><div class='entry-content-wrapper clearfix'>\n<div class='flex_column av-2rjxq5-7971c69d082ca05a880e81a7c7954431 av_one_full  avia-builder-el-3  el_after_av_section  avia-builder-el-no-sibling  first flex_column_div'     ><form action=\"https:\/\/www.egefin.com\/en\/teklif-al\/\" method=\"post\"  class=\"avia_ajax_form av-form-labels-visible   avia-builder-el-4  avia-builder-el-no-sibling\" data-avia-form-id=\"1\" data-avia-redirect='' data-trp-original-action=\"https:\/\/www.egefin.com\/en\/teklif-al\/\" ><h3 class=''>L\u00fctfen teklif formunu oldurun, temsilcilerimiz en k\u0131sa zamanda size d\u00f6n\u00fc\u015f yaps\u0131nlar.<\/h3><fieldset><p class='first_form  form_element form_element_fourth' id='element_avia_1_1'><label for=\"avia_1_1\">Name <abbr class=\"required\" title=\"required\">*<\/abbr><\/label> <input name=\"avia_1_1\" class=\"text_input is_empty\" type=\"text\" id=\"avia_1_1\" value=\"\" \/><\/p><p class='form_element form_element_fourth' id='element_avia_2_1'><label for=\"avia_2_1\">Firma Ad\u0131 <abbr class=\"required\" title=\"required\">*<\/abbr><\/label> <input name=\"avia_2_1\" class=\"text_input is_empty\" type=\"text\" id=\"avia_2_1\" value=\"\" \/><\/p><p class='form_element form_element_fourth' id='element_avia_3_1'><label for=\"avia_3_1\">Telephone <abbr class=\"required\" title=\"required\">*<\/abbr><\/label> <input name=\"avia_3_1\" class=\"text_input is_phone\" type=\"text\" id=\"avia_3_1\" value=\"\" \/><\/p><p class='form_element form_element_fourth' id='element_avia_4_1'><label for=\"avia_4_1\">Email<\/label> <input name=\"avia_4_1\" class=\"text_input\" type=\"text\" id=\"avia_4_1\" value=\"\" \/><\/p><p class='first_form  form_element form_fullwidth av-last-visible-form-element' id='element_avia_5_1'><label for=\"avia_5_1\" class=\"textare_label hidden textare_label_avia_5_1\">Talebiniz (l\u00fctfen \u00f6l\u00e7\u00fc ve miktar bilgisini detayl\u0131 giriniz) <abbr class=\"required\" title=\"required\">*<\/abbr><\/label><textarea  name=\"avia_5_1\" class=\"text_area is_empty\" cols=\"40\" rows=\"7\" id=\"avia_5_1\" ><\/textarea><\/p><p class=\"hidden\"><input type=\"text\" name=\"avia_6_1\" class=\"hidden\" id=\"avia_6_1\" value=\"\" \/><\/p><p class=\"form_element\"><input type=\"hidden\" value=\"1\" name=\"avia_generated_form1\" \/><input type=\"submit\" value=\"Send\" class=\"button\"  data-sending-label=\"Sending\"\/><\/p><\/fieldset><input type=\"hidden\" name=\"trp-form-language\" value=\"en\"\/><\/form><div id=\"ajaxresponse_1\" class=\"ajaxresponse ajaxresponse_1 hidden\"><\/div><\/div>","protected":false},"excerpt":{"rendered":"","protected":false},"author":1,"featured_media":0,"parent":0,"menu_order":0,"comment_status":"closed","ping_status":"closed","template":"","meta":{"footnotes":""},"class_list":["post-2157","page","type-page","status-publish","hentry"],"_links":{"self":[{"href":"https:\/\/www.egefin.com\/en\/wp-json\/wp\/v2\/pages\/2157","targetHints":{"allow":["GET"]}}],"collection":[{"href":"https:\/\/www.egefin.com\/en\/wp-json\/wp\/v2\/pages"}],"about":[{"href":"https:\/\/www.egefin.com\/en\/wp-json\/wp\/v2\/types\/page"}],"author":[{"embeddable":true,"href":"https:\/\/www.egefin.com\/en\/wp-json\/wp\/v2\/users\/1"}],"replies":[{"embeddable":true,"href":"https:\/\/www.egefin.com\/en\/wp-json\/wp\/v2\/comments?post=2157"}],"version-history":[{"count":5,"href":"https:\/\/www.egefin.com\/en\/wp-json\/wp\/v2\/pages\/2157\/revisions"}],"predecessor-version":[{"id":2463,"href":"https:\/\/www.egefin.com\/en\/wp-json\/wp\/v2\/pages\/2157\/revisions\/2463"}],"wp:attachment":[{"href":"https:\/\/www.egefin.com\/en\/wp-json\/wp\/v2\/media?parent=2157"}],"curies":[{"name":"wp","href":"https:\/\/api.w.org\/{rel}","templated":true}]}}