{"id":23,"date":"2022-08-18T08:37:02","date_gmt":"2022-08-18T08:37:02","guid":{"rendered":"https:\/\/www.egefin.com\/?page_id=23"},"modified":"2022-08-22T15:38:03","modified_gmt":"2022-08-22T12:38:03","slug":"iletisim","status":"publish","type":"page","link":"https:\/\/www.egefin.com\/en\/iletisim\/","title":{"rendered":"Contact Us"},"content":{"rendered":"<style type=\"text\/css\" data-created_by=\"avia_inline_auto\" id=\"style-css-av-l6yygcde-b86f192a25bb783118a35f73834792e0\">\n.avia-section.av-l6yygcde-b86f192a25bb783118a35f73834792e0{\nbackground-repeat:no-repeat;\nbackground-image:url(https:\/\/www.egefin.com\/wp-content\/uploads\/2022\/08\/head.jpg);\nbackground-position:50% 100%;\nbackground-attachment:scroll;\n}\n<\/style>\n<div id='av_section_1'  class='avia-section av-l6yygcde-b86f192a25bb783118a35f73834792e0 main_color avia-section-default avia-no-border-styling  avia-builder-el-0  el_before_av_two_fifth  avia-builder-el-first  avia-full-stretch avia-bg-style-scroll av-minimum-height av-minimum-height-35  container_wrap fullsize'  data-section-bg-repeat='stretch' data-av_minimum_height_pc='35'><div class='container av-section-cont-open' ><main  role=\"main\" itemprop=\"mainContentOfPage\"  class='template-page content  av-content-full alpha units'><div class='post-entry post-entry-type-page post-entry-23'><div class='entry-content-wrapper clearfix'>\n<div class='flex_column av-121rr-5acf66f86eeded17d1d66df03c63fcb7 av_two_fifth  avia-builder-el-1  avia-builder-el-no-sibling  first flex_column_div'     ><style type=\"text\/css\" data-created_by=\"avia_inline_auto\" id=\"style-css-av-l6yyfq81-89da60ed137cc626fe26c5973e73d4b7\">\n#top .av-special-heading.av-l6yyfq81-89da60ed137cc626fe26c5973e73d4b7{\npadding-bottom:10px;\ncolor:#ffffff;\n}\nbody .av-special-heading.av-l6yyfq81-89da60ed137cc626fe26c5973e73d4b7 .av-special-heading-tag .heading-char{\nfont-size:25px;\n}\n.av-special-heading.av-l6yyfq81-89da60ed137cc626fe26c5973e73d4b7 .special-heading-inner-border{\nborder-color:#ffffff;\n}\n.av-special-heading.av-l6yyfq81-89da60ed137cc626fe26c5973e73d4b7 .av-subheading{\nfont-size:15px;\n}\n<\/style>\n<div  class='av-special-heading av-l6yyfq81-89da60ed137cc626fe26c5973e73d4b7 av-special-heading-h1 custom-color-heading blockquote modern-quote modern-centered  avia-builder-el-2  avia-builder-el-no-sibling'><h1 class='av-special-heading-tag'  itemprop=\"headline\"  >CONTACT<\/h1><div class=\"special-heading-border\"><div class=\"special-heading-inner-border\"><\/div><\/div><\/div><\/div>\n<\/div><\/div><\/main><!-- close content main element --><\/div><\/div><div id='after_section_1'  class='main_color av_default_container_wrap container_wrap fullsize'  ><div class='container av-section-cont-open' ><div class='template-page content  av-content-full alpha units'><div class='post-entry post-entry-type-page post-entry-23'><div class='entry-content-wrapper clearfix'>\n<div class='flex_column av-3mwwj-b088ec3474ee073d308a5923f7eb9ce4 av_two_fifth  avia-builder-el-3  el_after_av_section  el_before_av_three_fifth  avia-builder-el-first  first flex_column_div'     ><style type=\"text\/css\" data-created_by=\"avia_inline_auto\" id=\"style-css-av-l6yyu748-a4299c50056b174cfdf53b6fefd842e0\">\n#top .avia-icon-list-container.av-l6yyu748-a4299c50056b174cfdf53b6fefd842e0 .iconlist_icon{\nbackground-color:#2583c6;\n}\n<\/style>\n<div  class='avia-icon-list-container av-l6yyu748-a4299c50056b174cfdf53b6fefd842e0  avia-builder-el-4  avia-builder-el-no-sibling'><ul class='avia-icon-list avia_animate_when_almost_visible avia-icon-list-left av-iconlist-big av-l6yyu748-a4299c50056b174cfdf53b6fefd842e0 avia-iconlist-animate'>\n<li><div class='iconlist_icon av-l6yyu65w-855928e5540214c8c01a876d51698c83 avia-font-entypo-fontello'><span class='iconlist-char' aria-hidden='true' data-av_icon='\ue842' data-av_iconfont='entypo-fontello'><\/span><\/div><article class=\"article-icon-entry\"  itemscope=\"itemscope\" itemtype=\"https:\/\/schema.org\/CreativeWork\" ><div class=\"iconlist_content_wrap\"><header class=\"entry-content-header\"><h4 class='av_iconlist_title iconlist_title'  itemprop=\"headline\" >Address<\/h4><\/header><div class='iconlist_content'  itemprop=\"text\" ><p>Adalet Mah. Manas Blv. Folkart Towers No:47 B\/2809 Bayrakl\u0131 &#8211; \u0130ZM\u0130R<\/p>\n<\/div><\/div><footer class=\"entry-footer\"><\/footer><\/article><div class=\"iconlist-timeline\"><\/div><\/li>\n<li><a href='tel:0 530 668 11 21' title='Gsm'  class='iconlist_icon av-l74j5fx4-f4cd4c76fc1dbe15d914944fdfd59c39 avia-font-entypo-fontello'><span class='iconlist-char' aria-hidden='true' data-av_icon='\ue8ac' data-av_iconfont='entypo-fontello'><\/span><\/a><article class=\"article-icon-entry\"  itemscope=\"itemscope\" itemtype=\"https:\/\/schema.org\/CreativeWork\" ><div class=\"iconlist_content_wrap\"><header class=\"entry-content-header\"><h4 class='av_iconlist_title iconlist_title'  itemprop=\"headline\" ><a href='tel:0 530 668 11 21' title='Gsm'>Gsm<\/a><\/h4><\/header><div class='iconlist_content'  itemprop=\"text\" ><p>0 530 668 11 21<\/p>\n<\/div><\/div><footer class=\"entry-footer\"><\/footer><\/article><div class=\"iconlist-timeline\"><\/div><\/li>\n<li><a href='Tel:0232 9701343' title='Telephone'  class='iconlist_icon av-l6yyttxe-92312b618d91c575ab66e0a6bcd159d3 avia-font-entypo-fontello'><span class='iconlist-char' aria-hidden='true' data-av_icon='\ue854' data-av_iconfont='entypo-fontello'><\/span><\/a><article class=\"article-icon-entry\"  itemscope=\"itemscope\" itemtype=\"https:\/\/schema.org\/CreativeWork\" ><div class=\"iconlist_content_wrap\"><header class=\"entry-content-header\"><h4 class='av_iconlist_title iconlist_title'  itemprop=\"headline\" ><a href='Tel:0232 9701343' title='Telephone'>Telephone<\/a><\/h4><\/header><div class='iconlist_content'  itemprop=\"text\" ><p>0232 970 13 43<\/p>\n<\/div><\/div><footer class=\"entry-footer\"><\/footer><\/article><div class=\"iconlist-timeline\"><\/div><\/li>\n<li><div class='iconlist_icon av-l6z7o1nf-91a16d009d8f4362817675f6839c271c avia-font-entypo-fontello'><span class='iconlist-char' aria-hidden='true' data-av_icon='\ue838' data-av_iconfont='entypo-fontello'><\/span><\/div><article class=\"article-icon-entry\"  itemscope=\"itemscope\" itemtype=\"https:\/\/schema.org\/CreativeWork\" ><div class=\"iconlist_content_wrap\"><header class=\"entry-content-header\"><h4 class='av_iconlist_title iconlist_title'  itemprop=\"headline\" >Fax<\/h4><\/header><div class='iconlist_content'  itemprop=\"text\" ><p>0850 522 34 03<\/p>\n<\/div><\/div><footer class=\"entry-footer\"><\/footer><\/article><div class=\"iconlist-timeline\"><\/div><\/li>\n<li><a href='mailto:info@egefin.com' title='Email'  class='iconlist_icon av-l6yyty4p-1f7dd640f4accbc739d61a34cf6bae33 avia-font-entypo-fontello'><span class='iconlist-char' aria-hidden='true' data-av_icon='\ue805' data-av_iconfont='entypo-fontello'><\/span><\/a><article class=\"article-icon-entry\"  itemscope=\"itemscope\" itemtype=\"https:\/\/schema.org\/CreativeWork\" ><div class=\"iconlist_content_wrap\"><header class=\"entry-content-header\"><h4 class='av_iconlist_title iconlist_title'  itemprop=\"headline\" >Email<\/h4><\/header><div class='iconlist_content'  itemprop=\"text\" ><p>info@egefin.com<\/p>\n<\/div><\/div><footer class=\"entry-footer\"><\/footer><\/article><div class=\"iconlist-timeline\"><\/div><\/li>\n<\/ul><\/div><\/div>\n<div class='flex_column av-3f0yb-2d9253cc89c39deb9fcffbbd946dfdee av_three_fifth  avia-builder-el-5  el_after_av_two_fifth  avia-builder-el-last  flex_column_div'     ><p><div id='avia-leaflet-map-1' class='av_leaflet_sc_main_wrap av-5xob-8d4c0961f99079ea8c4925f53d000721 av_leaflet_main_wrap'><div class='avia-leaflet-map-container avia-leaflet-map-sc'><div class=\"leaflet-map WPLeafletMap\" style=\"height:400px; width:100%;\"><\/div><script>\nwindow.WPLeafletMapPlugin = window.WPLeafletMapPlugin || [];\nwindow.WPLeafletMapPlugin.push(function WPLeafletMapShortcode() {\/*<script>*\/\nvar baseUrl = 'https:\/\/{s}.tile.openstreetmap.org\/{z}\/{x}\/{y}.png';\nvar base = (!baseUrl && window.MQ) ? \n    window.MQ.mapLayer() : L.tileLayer(baseUrl, \n        L.Util.extend({}, {\n            detectRetina: 0,\n            minZoom: 8,\n            maxZoom: 15,\n        }, \n        {\"subdomains\":\"abc\",\"noWrap\":false}        )\n    );\n    var options = L.Util.extend({}, {\n        layers: [base],\n        attributionControl: false\n    }, \n    {\"closePopupOnClick\":false,\"dragging\":true,\"keyboard\":true,\"tap\":false,\"zoomControl\":true,\"scrollWheelZoom\":true,\"doubleClickZoom\":false,\"fitBounds\":true,\"minZoom\":8,\"maxZoom\":15,\"attribution\":\"<a href=\\\"http:\\\/\\\/leafletjs.com\\\" title=\\\"A JS library for interactive maps\\\">Leaflet<\\\/a>; \\u00a9 <a href=\\\"http:\\\/\\\/www.openstreetmap.org\\\/copyright\\\">OpenStreetMap<\\\/a> contributors\"}, \n    {});\nwindow.WPLeafletMapPlugin.createMap(options).setView([38.453673777778,27.176650777778],9);window.WPLeafletMapPlugin.createScale({});});<\/script><script>\nwindow.WPLeafletMapPlugin = window.WPLeafletMapPlugin || [];\nwindow.WPLeafletMapPlugin.push(function WPLeafletMarkerShortcode() {\/*<script>*\/\nvar map = window.WPLeafletMapPlugin.getCurrentMap();\nvar group = window.WPLeafletMapPlugin.getCurrentGroup();\nvar marker_options = window.WPLeafletMapPlugin.getIconOptions({\"draggable\":false,\"iconUrl\":\"https:\\\/\\\/www.egefin.com\\\/wp-content\\\/uploads\\\/2022\\\/08\\\/egefin-logo-300x141.png\",\"iconSize\":\"150,70\",\"iconAnchor\":\"15,60\"});\nvar marker = L.marker(\n    [0,0], \n    marker_options\n);\nvar is_image = map.is_image_map;\n    marker.setLatLng( map.getCenter() );\nif (marker_options.draggable) {\n    marker.on('dragend', function () {\n        var latlng = this.getLatLng();\n        var lat = latlng.lat;\n        var lng = latlng.lng;\n        if (is_image) {\n            console.log('leaflet-marker y=' + lat + ' x=' + lng);\n        } else {\n            console.log('leaflet-marker lat=' + lat + ' lng=' + lng);\n        }\n    });\n}\nmarker.addTo( group );\nmarker.bindPopup(window.WPLeafletMapPlugin.unescape('Folkart Towers, Bayrakl\u0131 &amp;#8211; \u0130zmir')).openPopup();window.WPLeafletMapPlugin.markers.push( marker );\n        });<\/script><\/div><\/div><br \/>\n<section  class='av_textblock_section av-l6z7tm6s-051f02b8aafbbe52d664b9b634b5d9fb'  itemscope=\"itemscope\" itemtype=\"https:\/\/schema.org\/CreativeWork\" ><div class='avia_textblock'  itemprop=\"text\" ><p><u><a href=\"https:\/\/goo.gl\/maps\/emwo8tfUBUk1wgCz6\" target=\"_blank\" rel=\"noopener\"><strong>Click for directions<\/strong><\/a><\/u><\/p>\n<\/div><\/section><\/p><\/div>","protected":false},"excerpt":{"rendered":"","protected":false},"author":1,"featured_media":0,"parent":0,"menu_order":0,"comment_status":"closed","ping_status":"closed","template":"","meta":{"footnotes":""},"class_list":["post-23","page","type-page","status-publish","hentry"],"_links":{"self":[{"href":"https:\/\/www.egefin.com\/en\/wp-json\/wp\/v2\/pages\/23","targetHints":{"allow":["GET"]}}],"collection":[{"href":"https:\/\/www.egefin.com\/en\/wp-json\/wp\/v2\/pages"}],"about":[{"href":"https:\/\/www.egefin.com\/en\/wp-json\/wp\/v2\/types\/page"}],"author":[{"embeddable":true,"href":"https:\/\/www.egefin.com\/en\/wp-json\/wp\/v2\/users\/1"}],"replies":[{"embeddable":true,"href":"https:\/\/www.egefin.com\/en\/wp-json\/wp\/v2\/comments?post=23"}],"version-history":[{"count":31,"href":"https:\/\/www.egefin.com\/en\/wp-json\/wp\/v2\/pages\/23\/revisions"}],"predecessor-version":[{"id":2253,"href":"https:\/\/www.egefin.com\/en\/wp-json\/wp\/v2\/pages\/23\/revisions\/2253"}],"wp:attachment":[{"href":"https:\/\/www.egefin.com\/en\/wp-json\/wp\/v2\/media?parent=23"}],"curies":[{"name":"wp","href":"https:\/\/api.w.org\/{rel}","templated":true}]}}